{"id":234,"date":"2019-01-13T13:54:34","date_gmt":"2019-01-13T13:54:34","guid":{"rendered":"http:\/\/africafoodprize.org\/?page_id=234"},"modified":"2023-02-16T09:15:17","modified_gmt":"2023-02-16T09:15:17","slug":"about","status":"publish","type":"page","link":"https:\/\/africafoodprize.org\/fr\/about\/","title":{"rendered":"A propos du prix"},"content":{"rendered":"<div class=\"wpb-content-wrapper\"><div data-row-text-color=\"dark\" data-vc-full-width=\"true\" data-vc-full-width-init=\"false\" class=\"vc_row wpb_row zolo_wpb_row vc_row-fluid apress_row_class_152374591469d1ce35cda66 vc_custom_1547459342968 vc_row-has-fill vc_row-o-equal-height vc_row-o-content-top vc_row-flex\"><div class=\"wpb_column vc_column_container vc_col-sm-6 apress_col_id_48605858569d1ce35cf0c8 hover_style_none\"><div class=\"layer vc_column-inner\"  ><div class=\"wpb_wrapper\"><h2 style=\"color: #3bb24a;text-align: left\" class=\"vc_custom_heading vc_custom_1547459410201\" >Promouvoir <b>les h\u00e9ros de l'agriculture<\/b><\/h2>\n\t<div class=\"wpb_text_column wpb_content_element\" >\n\t\t<div class=\"wpb_wrapper\">\n\t\t\t<p>Le Prix de l'alimentation en Afrique est la r\u00e9compense la plus prestigieuse d\u00e9cern\u00e9e \u00e0 une personne ou une institution exceptionnelle qui contribue \u00e0 changer la r\u00e9alit\u00e9 de l'agriculture en Afrique - d'une lutte pour la survie \u00e0 une activit\u00e9 \u00e9conomique rentable.<\/p>\n<p>Le prix, d'un montant de 100 000 dollars, rend hommage aux Africains qui prennent en main l\u2019agenda agricole du continent. Ce prix met l'accent sur les initiatives audacieuses et les innovations techniques qui peuvent \u00eatre reproduites sur tout le continent afin de cr\u00e9er une nouvelle \u00e8re de s\u00e9curit\u00e9 alimentaire et d'opportunit\u00e9s \u00e9conomiques pour tous les Africains.<\/p>\n\n\t\t<\/div>\n\t<\/div>\n<\/div><\/div><\/div><div class=\"wpb_column vc_column_container vc_col-sm-6 apress_col_id_40708205469d1ce35d05b3 hover_style_none\"><div class=\"layer vc_column-inner\"  ><div class=\"wpb_wrapper\">\n\t<div  class=\"wpb_single_image wpb_content_element vc_align_center  vc_custom_1547459422133\">\n\t\t\n\t\t<figure class=\"wpb_wrapper vc_figure\">\n\t\t\t<div class=\"vc_single_image-wrapper   vc_box_border_grey\"><img decoding=\"async\" class=\"vc_single_image-img\" src=\"https:\/\/africafoodprize.org\/wp-content\/uploads\/2019\/01\/elevating-heroes-480x321.png\" width=\"480\" height=\"321\" alt=\"elevating-heroes\" title=\"elevating-heroes\" loading=\"lazy\" \/><\/div>\n\t\t<\/figure>\n\t<\/div>\n<\/div><\/div><\/div><\/div><div class=\"vc_row-full-width vc_clearfix\"><\/div><div data-row-text-color=\"dark\" data-vc-full-width=\"true\" data-vc-full-width-init=\"false\" class=\"vc_row wpb_row zolo_wpb_row vc_row-fluid apress_row_class_72708823669d1ce35d2706 vc_custom_1547431026791 vc_row-has-fill vc_row-o-equal-height vc_row-o-content-top vc_row-flex\"><div class=\"wpb_column vc_column_container vc_col-sm-6 apress_col_id_36412569869d1ce35d29ce hover_style_none\"><div class=\"layer vc_column-inner\"  ><div class=\"wpb_wrapper\">\n\t<div  class=\"wpb_single_image wpb_content_element vc_align_center\">\n\t\t\n\t\t<figure class=\"wpb_wrapper vc_figure\">\n\t\t\t<div class=\"vc_single_image-wrapper   vc_box_border_grey\"><img decoding=\"async\" class=\"vc_single_image-img\" src=\"https:\/\/africafoodprize.org\/wp-content\/uploads\/2022\/01\/IMG_9988-scaled-e1642142777736.jpg\" width=\"480\" height=\"320\" alt=\"IMG_9988\" title=\"IMG_9988\" loading=\"lazy\" \/><\/div>\n\t\t<\/figure>\n\t<\/div>\n<\/div><\/div><\/div><div class=\"wpb_column vc_column_container vc_col-sm-6 apress_col_id_24343985269d1ce35d34ea hover_style_none\"><div class=\"layer vc_column-inner\"  ><div class=\"wpb_wrapper\"><h2 style=\"color: #3bb24a;text-align: left\" class=\"vc_custom_heading\" >R\u00e9pondre \u00e0 <b>un d\u00e9fi urgent<\/b><\/h2>\n\t<div class=\"wpb_text_column wpb_content_element\" >\n\t\t<div class=\"wpb_wrapper\">\n\t\t\t<p>Les dirigeants africains des secteurs public et priv\u00e9 ont pris conscience du potentiel de l'agriculture pour assurer un avenir plus s\u00fbr et plus prosp\u00e8re. On peut entrevoir les \u00e9normes progr\u00e8s que les agriculteurs africains peuvent r\u00e9aliser lorsqu'ils disposent de ce dont ils ont besoin pour r\u00e9ussir, et la fa\u00e7on dont les denr\u00e9es alimentaires qu'ils produisent et les revenus qu'ils per\u00e7oivent peuvent promouvoir toute l'\u00e9conomie.<\/p>\n<p>Mais il reste encore beaucoup \u00e0 faire, des millions d'agriculteurs n'ont toujours pas acc\u00e8s \u00e0 des intrants agricoles de haute qualit\u00e9, qui permettent de cultiver plus, avec moins de ressources.<\/p>\n\n\t\t<\/div>\n\t<\/div>\n<\/div><\/div><\/div><\/div><div class=\"vc_row-full-width vc_clearfix\"><\/div><div data-row-text-color=\"dark\" data-vc-full-width=\"true\" data-vc-full-width-init=\"false\" class=\"vc_row wpb_row zolo_wpb_row vc_row-fluid apress_row_class_45161142269d1ce35d3a51 vc_custom_1547431192463 vc_row-o-content-top vc_row-flex\"><div class=\"wpb_column vc_column_container vc_col-sm-12 apress_col_id_13390021969d1ce35d3cef hover_style_none\"><div class=\"layer vc_column-inner\"  ><div class=\"wpb_wrapper\">\n\t<div class=\"wpb_text_column wpb_content_element\" >\n\t\t<div class=\"wpb_wrapper\">\n\t\t\t<p>Les agriculteurs continuent d'avoir des difficult\u00e9s \u00e0 acc\u00e9der aux march\u00e9s. S'ils ne sont pas contraints par la distance, les quantit\u00e9s limit\u00e9es de produits voient les agriculteurs recevoir des prix bas pour leur produit. De nombreux agriculteurs n'ont pas non plus acc\u00e8s au stockage, ce qui signifie qu'ils vendent g\u00e9n\u00e9ralement leurs produits au moment de la r\u00e9colte, lorsque le prix est le plus bas, ou qu'ils risquent de voir la qualit\u00e9 de leurs produits se d\u00e9t\u00e9riorer lentement en raison des mauvaises technologies de stockage.<\/p>\n<p>Des connaissances techniques limit\u00e9es signifient \u00e9galement que les agriculteurs peuvent \u00eatre lents \u00e0 adopter des pratiques agricoles modernes qui sont plus productives, commerciales et durables. Et avec les effets du changement climatique qui deviennent r\u00e9els, ce besoin de continuer \u00e0 apprendre et \u00e0 adopter devient encore plus important pour les agriculteurs qui doivent faire face \u00e0 des conditions de plus en plus difficiles.<\/p>\n<p>Le Prix africain de l'alimentation a pour but de r\u00e9compenser les efforts novateurs d\u00e9ploy\u00e9s pour surmonter ces obstacles et d\u2019encourager les autres \u00e0 suivre leur exemple.<\/p>\n\n\t\t<\/div>\n\t<\/div>\n<\/div><\/div><\/div><\/div><div class=\"vc_row-full-width vc_clearfix\"><\/div><div data-row-text-color=\"dark\" data-vc-full-width=\"true\" data-vc-full-width-init=\"false\" class=\"vc_row wpb_row zolo_wpb_row vc_row-fluid apress_row_class_192850865869d1ce35d40be vc_custom_1547459364628 vc_row-has-fill vc_row-o-equal-height vc_row-o-content-top vc_row-flex\"><div class=\"wpb_column vc_column_container vc_col-sm-6 apress_col_id_107867090669d1ce35d4304 hover_style_none\"><div class=\"layer vc_column-inner\"  ><div class=\"wpb_wrapper\"><h2 style=\"color: #3bb24a;text-align: left\" class=\"vc_custom_heading\" >Honorer une <b>riche histoire<\/b><\/h2>\n\t<div class=\"wpb_text_column wpb_content_element\" >\n\t\t<div class=\"wpb_wrapper\">\n\t\t\t<p>Le Prix africain de l'alimentation a \u00e9t\u00e9 lanc\u00e9 en 2005 par Yara International ASA, en Norv\u00e8ge, pour r\u00e9compenser les r\u00e9alisations dans le domaine de l'agriculture africaine.<\/p>\n<p>Le prix Yara a r\u00e9compens\u00e9 des personnalit\u00e9s originaires du Kenya, de l'\u00c9thiopie, du Nigeria, du Rwanda, de l'Ouganda, du Malawi, du S\u00e9n\u00e9gal, du Zimbabwe, de la Tanzanie et du Mozambique pour avoir r\u00e9ussi \u00e0 rendre les exploitations agricoles africaines plus productives, rentables et r\u00e9silientes.<\/p>\n<p>En d\u00e9pla\u00e7ant le prix Yara en Afrique en 2016 et en le rebaptisant \u201cPrix africain de l'alimentation\", le prix s'est vu attribuer un si\u00e8ge, une identit\u00e9 et une propri\u00e9t\u00e9 africaine distincts.<\/p>\n<p>&nbsp;<\/p>\n<p><strong><a href=\"https:\/\/africafoodprize.org\/wp-content\/uploads\/2021\/01\/AFP2020_Factsheet_Final.pdf\" target=\"_blank\" rel=\"noopener noreferrer\">Lire la fiche d'information sur le Prix africain de l'alimentation (PDF)<\/a><\/strong><\/p>\n\n\t\t<\/div>\n\t<\/div>\n<\/div><\/div><\/div><div class=\"wpb_column vc_column_container vc_col-sm-6 apress_col_id_44790069669d1ce35d4773 hover_style_none\"><div class=\"layer vc_column-inner\"  ><div class=\"wpb_wrapper\">\n\t<div  class=\"wpb_single_image wpb_content_element vc_align_center\">\n\t\t\n\t\t<figure class=\"wpb_wrapper vc_figure\">\n\t\t\t<div class=\"vc_single_image-wrapper   vc_box_border_grey\"><img decoding=\"async\" class=\"vc_single_image-img\" src=\"https:\/\/africafoodprize.org\/wp-content\/uploads\/2019\/01\/afp-10.png\" width=\"480\" height=\"321\" alt=\"afp-10\" title=\"afp-10\" loading=\"lazy\" \/><\/div>\n\t\t<\/figure>\n\t<\/div>\n<\/div><\/div><\/div><\/div><div class=\"vc_row-full-width vc_clearfix\"><\/div><div data-row-text-color=\"dark\" data-vc-full-width=\"true\" data-vc-full-width-init=\"false\" class=\"vc_row wpb_row zolo_wpb_row vc_row-fluid apress_row_class_205364156569d1ce35d5464 vc_custom_1547464359219\"><div class=\"wpb_column vc_column_container vc_col-sm-6 apress_col_id_195168995169d1ce35d5699 hover_style_none\"><div class=\"layer vc_column-inner\"  ><div class=\"wpb_wrapper\"><h2 style=\"color: #3bb24a;text-align: left\" class=\"vc_custom_heading\" ><b>Objectifs<b><\/b><\/h2>\n\t<div class=\"wpb_text_column wpb_content_element\" >\n\t\t<div class=\"wpb_wrapper\">\n\t\t\t<p>Le Prix africain de l'alimentation r\u00e9compense les femmes, les hommes et les institutions extraordinaires dont les contributions exceptionnelles \u00e0 l'agriculture africaine ouvrent la voie \u00e0 une nouvelle \u00e8re de s\u00e9curit\u00e9 alimentaire durable et d'opportunit\u00e9s \u00e9conomiques pour tous les Africains.<\/b><\/p>\n<p>S'appuyant sur les valeurs et les principes \u00e9tablis par le prix Yara, le prix africain de l'alimentation met en lumi\u00e8re les r\u00e9alisations et les innovations ayant un pouvoir de transformation qui peuvent \u00eatre \u00e9tendues et reproduites \u00e0 travers le continent \u00e9liminera la faim et \u00e0 la pauvret\u00e9 et fournir une nouvelle source vitale d'emplois et de revenus.<\/p>\n\n\t\t<\/div>\n\t<\/div>\n<\/div><\/div><\/div><div class=\"wpb_column vc_column_container vc_col-sm-6 apress_col_id_167296444469d1ce35d5b24 hover_style_none\"><div class=\"layer vc_column-inner\"  ><div class=\"wpb_wrapper\">\n\t<div  class=\"wpb_single_image wpb_content_element vc_align_center\">\n\t\t\n\t\t<figure class=\"wpb_wrapper vc_figure\">\n\t\t\t<div class=\"vc_single_image-wrapper   vc_box_border_grey\"><img decoding=\"async\" class=\"vc_single_image-img\" src=\"https:\/\/africafoodprize.org\/wp-content\/uploads\/2019\/01\/20376067_1414659931904870_1595629115342223454_n-480x321.jpg\" width=\"480\" height=\"321\" alt=\"20376067_1414659931904870_1595629115342223454_n\" title=\"20376067_1414659931904870_1595629115342223454_n\" loading=\"lazy\" \/><\/div>\n\t\t<\/figure>\n\t<\/div>\n<\/div><\/div><\/div><\/div><div class=\"vc_row-full-width vc_clearfix\"><\/div><div data-row-text-color=\"dark\" data-vc-full-width=\"true\" data-vc-full-width-init=\"false\" class=\"vc_row wpb_row zolo_wpb_row vc_row-fluid apress_row_class_105125480969d1ce35d6a67 vc_custom_1547464378105\"><div class=\"wpb_column vc_column_container vc_col-sm-12 apress_col_id_83033406969d1ce35d6db1 hover_style_none\"><div class=\"layer vc_column-inner\"  ><div class=\"wpb_wrapper\"><h2 style=\"color: #3bb24a;text-align: left;font-family:Montserrat;font-weight:700;font-style:normal\" class=\"vc_custom_heading\" >Crit\u00e8res de s\u00e9lection<\/h2>\n\t<div class=\"wpb_text_column wpb_content_element\" >\n\t\t<div class=\"wpb_wrapper\">\n\t\t\t<p>Le Comit\u00e9 du Prix prend en compte les crit\u00e8res suivants pour l'attribution du Prix :<\/p>\n<ul>\n<li>Contribution \u00e0 la r\u00e9duction de la pauvret\u00e9 et de la faim et\/ou \u00e0 l'am\u00e9lioration de la s\u00e9curit\u00e9 alimentaire et nutritionnelle en termes mesurables<\/li>\n<li>Contribution \u00e0 la cr\u00e9ation d'une source vitale de revenu et\/ou d'emploi en termes mesurables<\/li>\n<li>Potentiel de changement transformateur gr\u00e2ce \u00e0 l\u2019extensibilit\u00e9, la reproduction et la durabilit\u00e9.<\/li>\n<li>Sensibilisation et coop\u00e9ration accrues entre le public cible et les organisations africaines<\/li>\n<\/ul>\n<p>Dans ses \u00e9valuations, le Comit\u00e9 du Prix africain de l\u2019alimentation mettra particuli\u00e8rement l\u2019accent sur les r\u00e9sultats av\u00e9r\u00e9s et tangibles, l\u2019extensibilit\u00e9 et la cr\u00e9ation de valeur d\u00e9coulant du travail du candidat, directement ou indirectement, en ce qui concerne l\u2019am\u00e9lioration de l\u2019agriculture durable et la s\u00e9curit\u00e9 alimentaire et nutritionnelle en Afrique. Dans ses d\u00e9lib\u00e9rations, le Comit\u00e9 du Prix africain de l\u2019alimentation soulignera en outre la valeur des r\u00e9alisations des candidats en mati\u00e8re de r\u00e9flexion visionnaire, leur r\u00f4le de motivateur et de rassembleur dans la campagne contre la faim et la pauvret\u00e9, ainsi que leur propension \u00e0 partager les connaissances et \u00e0 coop\u00e9rer. Le Comit\u00e9 du Prix africain de l'alimentation prendra \u00e9galement en consid\u00e9ration les circonstances dans lesquelles le travail a \u00e9t\u00e9 effectu\u00e9 et les r\u00e9sultats obtenus, c'est-\u00e0-dire de la complexit\u00e9 du probl\u00e8me et les difficult\u00e9s, hostilit\u00e9s ou pr\u00e9jug\u00e9s rencontr\u00e9s.<\/p>\n<ul>\n<li>Potentiel de leadership av\u00e9r\u00e9 de l'individu ou de l'organisation, notamment sa capacit\u00e9 \u00e0 pers\u00e9v\u00e9rer malgr\u00e9 des d\u00e9fis ou des risques importants.<\/li>\n<\/ul>\n\n\t\t<\/div>\n\t<\/div>\n<\/div><\/div><\/div><\/div><div class=\"vc_row-full-width vc_clearfix\"><\/div><div data-row-text-color=\"dark\" data-vc-full-width=\"true\" data-vc-full-width-init=\"false\" class=\"vc_row wpb_row zolo_wpb_row vc_row-fluid apress_row_class_162721939569d1ce35d7326 vc_custom_1547464503105\"><div class=\"wpb_column vc_column_container vc_col-sm-3 apress_col_id_211137413969d1ce35d7549 hover_style_none\"><div class=\"layer vc_column-inner\"  ><div class=\"wpb_wrapper\">\n\t<div  class=\"wpb_single_image wpb_content_element vc_align_left\">\n\t\t\n\t\t<figure class=\"wpb_wrapper vc_figure\">\n\t\t\t<div class=\"vc_single_image-wrapper   vc_box_border_grey\"><img loading=\"lazy\" decoding=\"async\" width=\"150\" height=\"150\" src=\"https:\/\/africafoodprize.org\/wp-content\/uploads\/2019\/01\/Yara-Prize-trophy-NEW-2012-min-150x150.jpg\" class=\"vc_single_image-img attachment-thumbnail\" alt=\"\" title=\"Yara Prize trophy NEW 2012 min\" srcset=\"https:\/\/africafoodprize.org\/wp-content\/uploads\/2019\/01\/Yara-Prize-trophy-NEW-2012-min-150x150.jpg 150w, https:\/\/africafoodprize.org\/wp-content\/uploads\/2019\/01\/Yara-Prize-trophy-NEW-2012-min-768x768.jpg 768w, https:\/\/africafoodprize.org\/wp-content\/uploads\/2019\/01\/Yara-Prize-trophy-NEW-2012-min-384x384.jpg 384w, https:\/\/africafoodprize.org\/wp-content\/uploads\/2019\/01\/Yara-Prize-trophy-NEW-2012-min-640x640.jpg 640w\" sizes=\"(max-width: 150px) 100vw, 150px\" \/><\/div>\n\t\t<\/figure>\n\t<\/div>\n<\/div><\/div><\/div><div class=\"wpb_column vc_column_container vc_col-sm-9 apress_col_id_126082112869d1ce35d81ef hover_style_none\"><div class=\"layer vc_column-inner\"  ><div class=\"wpb_wrapper\"><h2 style=\"color: #4ab538;text-align: left;font-family:Montserrat;font-weight:400;font-style:normal\" class=\"vc_custom_heading\" >A propos <b>du troph\u00e9e<\/b><\/h2>\n\t<div class=\"wpb_text_column wpb_content_element\" >\n\t\t<div class=\"wpb_wrapper\">\n\t\t\t<p>Le troph\u00e9e du Prix africain de l'alimentation est un h\u00e9ritage du Prix Yara qui a \u00e9t\u00e9 d\u00e9cern\u00e9 pour la premi\u00e8re fois \u00e0 Oslo, en Norv\u00e8ge, en 2005. R\u00e9alis\u00e9 \u00e0 la main par l'artiste verri\u00e8re norv\u00e9gienne\u00a0<a href=\"http:\/\/www.cathrinemaske.no\/\">Cathrine Maske<\/a>il symbolise la croissance et la prosp\u00e9rit\u00e9 de l'agriculture africaine. La couleur verte fait clairement r\u00e9f\u00e9rence \u00e0 la prosp\u00e9rit\u00e9 agricole et \u00e0 la r\u00e9silience des syst\u00e8mes alimentaires en Afrique.<\/p>\n\n\t\t<\/div>\n\t<\/div>\n<\/div><\/div><\/div><\/div><div class=\"vc_row-full-width vc_clearfix\"><\/div><div data-row-text-color=\"dark\" class=\"vc_row wpb_row zolo_wpb_row vc_row-fluid apress_row_class_48573844069d1ce35d86ad\"><div class=\"wpb_column vc_column_container vc_col-sm-12 apress_col_id_203071025769d1ce35d88be hover_style_none\"><div class=\"layer vc_column-inner\"  ><div class=\"wpb_wrapper\">\n\t<div class=\"wpb_text_column wpb_content_element\" >\n\t\t<div class=\"wpb_wrapper\">\n\t\t\t\n\t\t<\/div>\n\t<\/div>\n<\/div><\/div><\/div><\/div>\n<\/div>","protected":false},"excerpt":{"rendered":"Elevating Heroes of Agriculture The Africa Food Prize is the preeminent award recognizing an outstanding individual or institution that is leading the effort to change the reality of farming in Africa\u2014from a struggle to survive to a business that thrives.<span class=\"read_more_area\"><a class=\"read-more\" href=\"https:\/\/africafoodprize.org\/fr\/about\/\"> Read More <\/a><\/span>","protected":false},"author":1,"featured_media":0,"parent":0,"menu_order":0,"comment_status":"closed","ping_status":"closed","template":"","meta":{"footnotes":""},"_links":{"self":[{"href":"https:\/\/africafoodprize.org\/fr\/wp-json\/wp\/v2\/pages\/234"}],"collection":[{"href":"https:\/\/africafoodprize.org\/fr\/wp-json\/wp\/v2\/pages"}],"about":[{"href":"https:\/\/africafoodprize.org\/fr\/wp-json\/wp\/v2\/types\/page"}],"author":[{"embeddable":true,"href":"https:\/\/africafoodprize.org\/fr\/wp-json\/wp\/v2\/users\/1"}],"replies":[{"embeddable":true,"href":"https:\/\/africafoodprize.org\/fr\/wp-json\/wp\/v2\/comments?post=234"}],"version-history":[{"count":0,"href":"https:\/\/africafoodprize.org\/fr\/wp-json\/wp\/v2\/pages\/234\/revisions"}],"wp:attachment":[{"href":"https:\/\/africafoodprize.org\/fr\/wp-json\/wp\/v2\/media?parent=234"}],"curies":[{"name":"wp","href":"https:\/\/api.w.org\/{rel}","templated":true}]}}